{"id":9,"date":"2020-10-03T14:50:49","date_gmt":"2020-10-03T14:50:49","guid":{"rendered":"http:\/\/demo.athemes.com\/sp-plumber\/?page_id=9"},"modified":"2025-10-28T12:45:33","modified_gmt":"2025-10-28T09:45:33","slug":"hakkimizda","status":"publish","type":"page","link":"https:\/\/www.duzlercelik.com\/index.php\/hakkimizda\/","title":{"rendered":"Hakk\u0131m\u0131zda"},"content":{"rendered":"\t\t<div data-elementor-type=\"wp-page\" data-elementor-id=\"9\" class=\"elementor elementor-9\">\n\t\t\t\t\t\t\t\t\t<section class=\"elementor-section elementor-top-section elementor-element elementor-element-f376552 elementor-section-boxed elementor-section-height-default elementor-section-height-default\" data-id=\"f376552\" data-element_type=\"section\">\n\t\t\t\t\t\t<div class=\"elementor-container elementor-column-gap-default\">\n\t\t\t\t\t<div class=\"elementor-column elementor-col-100 elementor-top-column elementor-element elementor-element-0f04816\" data-id=\"0f04816\" data-element_type=\"column\">\n\t\t\t<div class=\"elementor-widget-wrap elementor-element-populated\">\n\t\t\t\t\t\t\t\t<div class=\"elementor-element elementor-element-59994e0 elementor-widget elementor-widget-heading\" data-id=\"59994e0\" data-element_type=\"widget\" data-widget_type=\"heading.default\">\n\t\t\t\t<div class=\"elementor-widget-container\">\n\t\t\t<style>\/*! elementor - v3.7.8 - 02-10-2022 *\/\n.elementor-heading-title{padding:0;margin:0;line-height:1}.elementor-widget-heading .elementor-heading-title[class*=elementor-size-]>a{color:inherit;font-size:inherit;line-height:inherit}.elementor-widget-heading .elementor-heading-title.elementor-size-small{font-size:15px}.elementor-widget-heading .elementor-heading-title.elementor-size-medium{font-size:19px}.elementor-widget-heading .elementor-heading-title.elementor-size-large{font-size:29px}.elementor-widget-heading .elementor-heading-title.elementor-size-xl{font-size:39px}.elementor-widget-heading .elementor-heading-title.elementor-size-xxl{font-size:59px}<\/style><h2 class=\"elementor-heading-title elementor-size-default\">Hakk\u0131m\u0131zda<\/h2>\t\t<\/div>\n\t\t\t\t<\/div>\n\t\t\t\t<div class=\"elementor-element elementor-element-85c227d elementor-widget elementor-widget-text-editor\" data-id=\"85c227d\" data-element_type=\"widget\" data-widget_type=\"text-editor.default\">\n\t\t\t\t<div class=\"elementor-widget-container\">\n\t\t\t<style>\/*! elementor - v3.7.8 - 02-10-2022 *\/\n.elementor-widget-text-editor.elementor-drop-cap-view-stacked .elementor-drop-cap{background-color:#818a91;color:#fff}.elementor-widget-text-editor.elementor-drop-cap-view-framed .elementor-drop-cap{color:#818a91;border:3px solid;background-color:transparent}.elementor-widget-text-editor:not(.elementor-drop-cap-view-default) .elementor-drop-cap{margin-top:8px}.elementor-widget-text-editor:not(.elementor-drop-cap-view-default) .elementor-drop-cap-letter{width:1em;height:1em}.elementor-widget-text-editor .elementor-drop-cap{float:left;text-align:center;line-height:1;font-size:50px}.elementor-widget-text-editor .elementor-drop-cap-letter{display:inline-block}<\/style>\t\t\t\t<p>1995 y\u0131llar\u0131nda Mustafa B\u00fcy\u00fckbekta\u015f taraf\u0131ndan kurulan Ersam Makine el arabas\u0131 haznesi \u00fcreten i\u015f ile ba\u015flad\u0131. Zaman ge\u00e7tik\u00e7e \u00fcretim alan\u0131n\u0131 geni\u015fletip bir yandan el arabas\u0131 haznesi makinesi \u00fcretimini sa\u011flarken bir yandan da el araba tekeri jant\u0131 \u00fcretimine ba\u015flam\u0131\u015ft\u0131.<\/p><p>2022 y\u0131l\u0131nda firmam\u0131z\u0131 D\u00dcZLER \u00c7EL\u0130K METAL SAN. T\u0130C. LTD. olarak yolu devam etme karar\u0131 ald\u0131. G\u00fcn ge\u00e7tik\u00e7e firmam\u0131z\u0131n ba\u015far\u0131s\u0131yla in\u015faat k\u00fcre\u011fi \u00e7e\u015fitleri ve el arabas\u0131 tekeri \u00e7e\u015fitleriyle faaliyetlerine son h\u0131z\u0131yla devam etmektedir. Yeti\u015fmi\u015f uzman personelleriyle k\u00fcrekten el arabas\u0131 tekerine kadar \u00e7e\u015fitli \u00fcr\u00fcnler \u00fcretmektedir. \u0130malat s\u00fcrecinde t\u00fcm \u00fcr\u00fcnlerimiz her a\u015famas\u0131 titizlikle kontrol edilip de\u011ferli m\u00fc\u015fterilerimize en h\u0131zl\u0131 ve en iyi bir \u015fekilde ula\u015ft\u0131r\u0131lmas\u0131na \u00f6zen g\u00f6stermekteyiz. \u00a0<\/p><p>D\u00dcZLER \u00c7EL\u0130K METAL \u00fcr\u00fcn garantisi, zaman\u0131nda teslimat\u0131 ve m\u00fc\u015fteri memnuniyeti her zaman \u00f6ncelli\u011fidir.<\/p><p>G\u00fcven verme hissinin ne oldu\u011funu bilen ve bunu ticaretinde bir ilke olarak kabul eden firmam\u0131z, b\u00fcy\u00fcmeyi de her zaman m\u00fc\u015fterisiyle beraber ama\u00e7layan ticaret anlay\u0131\u015f\u0131yla, kar\u015f\u0131l\u0131kl\u0131 samimiyeti yitirmemi\u015ftir.<\/p><p>\u00dcretimimiz tam kapasite ile \u00e7al\u0131\u015ft\u0131\u011f\u0131nda, yurti\u00e7i ve yurtd\u0131\u015f\u0131 t\u00fcm ihtiya\u00e7lar\u0131 kar\u015f\u0131layacak potansiyeldedir. T\u00fcrk ekonomisinin gereklerine uygun ve gelece\u011fe y\u00f6nelik el arabas\u0131 tekeri ve k\u00fcrek imalat\u0131na ilk g\u00fcndeki gibi arg-ge destekli heyecan ile devam etmektedir.<\/p>\t\t\t\t\t\t<\/div>\n\t\t\t\t<\/div>\n\t\t\t\t\t<\/div>\n\t\t<\/div>\n\t\t\t\t\t\t\t<\/div>\n\t\t<\/section>\n\t\t\t\t<section class=\"elementor-section elementor-top-section elementor-element elementor-element-24e0020 elementor-section-boxed elementor-section-height-default elementor-section-height-default\" data-id=\"24e0020\" data-element_type=\"section\">\n\t\t\t\t\t\t<div class=\"elementor-container elementor-column-gap-default\">\n\t\t\t\t\t<div class=\"elementor-column elementor-col-50 elementor-top-column elementor-element elementor-element-62dfa9b\" data-id=\"62dfa9b\" data-element_type=\"column\">\n\t\t\t<div class=\"elementor-widget-wrap elementor-element-populated\">\n\t\t\t\t\t\t\t\t<div class=\"elementor-element elementor-element-2ba9cb2 elementor-widget elementor-widget-heading\" data-id=\"2ba9cb2\" data-element_type=\"widget\" data-widget_type=\"heading.default\">\n\t\t\t\t<div class=\"elementor-widget-container\">\n\t\t\t<h2 class=\"elementor-heading-title elementor-size-default\">\u00dcretim <\/h2>\t\t<\/div>\n\t\t\t\t<\/div>\n\t\t\t\t<div class=\"elementor-element elementor-element-874f0d9 elementor-aspect-ratio-916 elementor-widget elementor-widget-video\" data-id=\"874f0d9\" data-element_type=\"widget\" data-settings=\"{&quot;video_type&quot;:&quot;hosted&quot;,&quot;aspect_ratio&quot;:&quot;916&quot;,&quot;controls&quot;:&quot;yes&quot;}\" data-widget_type=\"video.default\">\n\t\t\t\t<div class=\"elementor-widget-container\">\n\t\t\t<style>\/*! elementor - v3.7.8 - 02-10-2022 *\/\n.elementor-widget-video .elementor-widget-container{overflow:hidden;-webkit-transform:translateZ(0);transform:translateZ(0)}.elementor-widget-video .elementor-open-inline .elementor-custom-embed-image-overlay{position:absolute;top:0;left:0;width:100%;height:100%;background-size:cover;background-position:50%}.elementor-widget-video .elementor-custom-embed-image-overlay{cursor:pointer;text-align:center}.elementor-widget-video .elementor-custom-embed-image-overlay:hover .elementor-custom-embed-play i{opacity:1}.elementor-widget-video .elementor-custom-embed-image-overlay img{display:block;width:100%}.elementor-widget-video .e-hosted-video .elementor-video{-o-object-fit:cover;object-fit:cover}.e-container>.elementor-widget-video{width:var(--container-widget-width,100%)}<\/style>\t\t<div class=\"e-hosted-video elementor-wrapper elementor-fit-aspect-ratio elementor-open-inline\">\n\t\t\t\t\t<video class=\"elementor-video\" src=\"https:\/\/www.duzlercelik.com\/wp-content\/uploads\/2022\/10\/WhatsApp-Video-2022-10-24-at-16.52.28.mp4\" controls=\"\" controlsList=\"nodownload\"><\/video>\n\t\t\t\t<\/div>\n\t\t\t\t<\/div>\n\t\t\t\t<\/div>\n\t\t\t\t\t<\/div>\n\t\t<\/div>\n\t\t\t\t<div class=\"elementor-column elementor-col-50 elementor-top-column elementor-element elementor-element-6e39e1a\" data-id=\"6e39e1a\" data-element_type=\"column\">\n\t\t\t<div class=\"elementor-widget-wrap elementor-element-populated\">\n\t\t\t\t\t\t\t\t<div class=\"elementor-element elementor-element-84a42c5 elementor-widget elementor-widget-heading\" data-id=\"84a42c5\" data-element_type=\"widget\" data-widget_type=\"heading.default\">\n\t\t\t\t<div class=\"elementor-widget-container\">\n\t\t\t<h2 class=\"elementor-heading-title elementor-size-default\">\u00dcr\u00fcn Sevkiyat\u0131 <\/h2>\t\t<\/div>\n\t\t\t\t<\/div>\n\t\t\t\t<div class=\"elementor-element elementor-element-3bff403 elementor-aspect-ratio-916 elementor-widget elementor-widget-video\" data-id=\"3bff403\" data-element_type=\"widget\" data-settings=\"{&quot;video_type&quot;:&quot;hosted&quot;,&quot;aspect_ratio&quot;:&quot;916&quot;,&quot;controls&quot;:&quot;yes&quot;}\" data-widget_type=\"video.default\">\n\t\t\t\t<div class=\"elementor-widget-container\">\n\t\t\t\t\t<div class=\"e-hosted-video elementor-wrapper elementor-fit-aspect-ratio elementor-open-inline\">\n\t\t\t\t\t<video class=\"elementor-video\" src=\"https:\/\/www.duzlercelik.com\/wp-content\/uploads\/2022\/10\/WhatsApp-Video-2022-10-24-at-16.51.26.mp4\" controls=\"\" controlsList=\"nodownload\"><\/video>\n\t\t\t\t<\/div>\n\t\t\t\t<\/div>\n\t\t\t\t<\/div>\n\t\t\t\t\t<\/div>\n\t\t<\/div>\n\t\t\t\t\t\t\t<\/div>\n\t\t<\/section>\n\t\t\t\t\t\t\t<\/div>\n\t\t","protected":false},"excerpt":{"rendered":"<p>Hakk\u0131m\u0131zda 1995 y\u0131llar\u0131nda Mustafa B\u00fcy\u00fckbekta\u015f taraf\u0131ndan kurulan Ersam Makine el arabas\u0131 haznesi \u00fcreten i\u015f ile ba\u015flad\u0131. Zaman ge\u00e7tik\u00e7e \u00fcretim alan\u0131n\u0131 geni\u015fletip bir yandan el arabas\u0131 [&hellip;]<\/p>\n","protected":false},"author":1,"featured_media":0,"parent":0,"menu_order":0,"comment_status":"closed","ping_status":"closed","template":"page-templates\/page_front-page.php","meta":{"om_disable_all_campaigns":false,"_monsterinsights_skip_tracking":false,"_monsterinsights_sitenote_active":false,"_monsterinsights_sitenote_note":"","_monsterinsights_sitenote_category":0,"_uf_show_specific_survey":0,"_uf_disable_surveys":false,"_themeisle_gutenberg_block_has_review":false,"footnotes":""},"class_list":["post-9","page","type-page","status-publish","hentry"],"aioseo_notices":[],"_links":{"self":[{"href":"https:\/\/www.duzlercelik.com\/index.php\/wp-json\/wp\/v2\/pages\/9","targetHints":{"allow":["GET"]}}],"collection":[{"href":"https:\/\/www.duzlercelik.com\/index.php\/wp-json\/wp\/v2\/pages"}],"about":[{"href":"https:\/\/www.duzlercelik.com\/index.php\/wp-json\/wp\/v2\/types\/page"}],"author":[{"embeddable":true,"href":"https:\/\/www.duzlercelik.com\/index.php\/wp-json\/wp\/v2\/users\/1"}],"replies":[{"embeddable":true,"href":"https:\/\/www.duzlercelik.com\/index.php\/wp-json\/wp\/v2\/comments?post=9"}],"version-history":[{"count":20,"href":"https:\/\/www.duzlercelik.com\/index.php\/wp-json\/wp\/v2\/pages\/9\/revisions"}],"predecessor-version":[{"id":1185,"href":"https:\/\/www.duzlercelik.com\/index.php\/wp-json\/wp\/v2\/pages\/9\/revisions\/1185"}],"wp:attachment":[{"href":"https:\/\/www.duzlercelik.com\/index.php\/wp-json\/wp\/v2\/media?parent=9"}],"curies":[{"name":"wp","href":"https:\/\/api.w.org\/{rel}","templated":true}]}}